{"id":619,"date":"2022-06-29T14:57:48","date_gmt":"2022-06-29T13:57:48","guid":{"rendered":"https:\/\/idrtext.com\/blog\/"},"modified":"2023-07-10T17:39:48","modified_gmt":"2023-07-10T16:39:48","slug":"blog","status":"publish","type":"page","link":"https:\/\/idrtext.com\/en\/blog\/","title":{"rendered":"Blog"},"content":{"rendered":"<p>[vc_row foundry_padding=&#8221;pt64 pb64&#8243; foundry_parallax=&#8221;not-parallax&#8221; css=&#8221;.vc_custom_1656511065065{background-image: url(https:\/\/idrtext.com\/wp-content\/uploads\/2022\/06\/bed-book.png?id=351) !important;}&#8221;][vc_column width=&#8221;1\/3&#8243; el_class=&#8221;title-bg&#8221;][vc_row_inner equal_height=&#8221;yes&#8221; content_placement=&#8221;middle&#8221;][vc_column_inner][vc_column_text el_class=&#8221;titulos-pag&#8221;]<\/p>\n<h1>Our blog<\/h1>\n<p style=\"text-align: left;\">Information and stories that may help you<\/p>\n<p>[\/vc_column_text][\/vc_column_inner][\/vc_row_inner][\/vc_column][vc_column width=&#8221;2\/3&#8243;][\/vc_column][\/vc_row][vc_row][vc_column][\/vc_column][\/vc_row][vc_row][vc_column width=&#8221;1\/2&#8243;][vc_single_image image=&#8221;1022&#8243; img_size=&#8221;full&#8221; style=&#8221;vc_box_shadow_3d&#8221; onclick=&#8221;custom_link&#8221; link=&#8221;https:\/\/idrtext.com\/en\/the-alchemists-of-rest-fiber-as-the-responsible-party\/&#8221;][vc_column_text css=&#8221;.vc_custom_1680258752853{padding-top: 30px !important;}&#8221;]<\/p>\n<h4><span style=\"color: #e12f55;\"><strong>The stars of the textile market<\/strong><strong>:<\/strong><\/span><\/h4>\n<h4><span style=\"color: #e12f55;\"><strong>Cotton and Polyester<\/strong><strong>.<\/strong><\/span><\/h4>\n<p>We can\u2019t talk about the textile industry without automatically thinking of words like\u00a0<strong>cotton and polyester<\/strong>, plus, today, sustainability, since this industry is considered to be the second most polluting in the world &#8230; <a href=\"https:\/\/idrtext.com\/en\/cotton-and-polyester-the-stars-of-the-textile-market\/\">Read more<\/a>[\/vc_column_text][vc_single_image image=&#8221;842&#8243; img_size=&#8221;full&#8221; style=&#8221;vc_box_shadow_3d&#8221; onclick=&#8221;custom_link&#8221; link=&#8221;https:\/\/idrtext.com\/en\/confidence-in-the-market-the-importance-of-certifications\/&#8221; css=&#8221;.vc_custom_1689007123161{padding-top: 170px !important;}&#8221;][\/vc_column][vc_column width=&#8221;1\/2&#8243;][vc_column_text]<\/p>\n<h4 style=\"text-align: left;\"><span style=\"color: #938ff9;\"><strong>The alchemists of rest:<\/strong><\/span><\/h4>\n<h4 style=\"text-align: left;\"><span style=\"color: #938ff9;\"><strong>Fiber as the responsible party.<\/strong><\/span><\/h4>\n<p>It is throughsleep that human beings recover the energy necessary to face their daily activities. This important period of rest is not only an indicator of our mental health and physical well-being, but also &#8230; <a href=\"https:\/\/idrtext.com\/en\/the-alchemists-of-rest-fiber-as-the-responsible-party\/\">Read more<\/a>[\/vc_column_text][vc_single_image image=&#8221;963&#8243; img_size=&#8221;full&#8221; style=&#8221;vc_box_shadow_3d&#8221; onclick=&#8221;custom_link&#8221; link=&#8221;https:\/\/idrtext.com\/en\/cotton-and-polyester-the-stars-of-the-textile-market\/&#8221; css=&#8221;.vc_custom_1680258685405{padding-top: 160px !important;}&#8221;][vc_column_text css=&#8221;.vc_custom_1689007130356{padding-top: 40px !important;}&#8221;]<\/p>\n<h4 style=\"text-align: left;\"><strong>Confidence in the market:<\/strong><\/h4>\n<h4 style=\"text-align: left;\"><strong>Importance of certifications.<\/strong><\/h4>\n<p>The buying habits of consumers in the textile industry have been changing over these years, as a result of the well-known \u201cfast-fashion\u201d, and therefore consumption has skyrocketed to very high figures &#8230; <a href=\"https:\/\/idrtext.com\/en\/confidence-in-the-market-the-importance-of-certifications\/\">Read more<\/a>[\/vc_column_text][\/vc_column][\/vc_row]<\/p>\n","protected":false},"excerpt":{"rendered":"<p>[vc_row foundry_padding=&#8221;pt64 pb64&#8243; foundry_parallax=&#8221;not-parallax&#8221; css=&#8221;.vc_custom_1656511065065{background-image: url(https:\/\/idrtext.com\/wp-content\/uploads\/2022\/06\/bed-book.png?id=351) !important;}&#8221;][vc_column width=&#8221;1\/3&#8243; el_class=&#8221;title-bg&#8221;][vc_row_inner equal_height=&#8221;yes&#8221; content_placement=&#8221;middle&#8221;][vc_column_inner][vc_column_text el_class=&#8221;titulos-pag&#8221;] Our blog Information and stories that may help you&#8230;<\/p>\n","protected":false},"author":1,"featured_media":0,"parent":0,"menu_order":0,"comment_status":"closed","ping_status":"closed","template":"","meta":{"footnotes":""},"class_list":["post-619","page","type-page","status-publish","hentry"],"yoast_head":"<!-- This site is optimized with the Yoast SEO plugin v20.4 - https:\/\/yoast.com\/wordpress\/plugins\/seo\/ -->\n<title>Blog | IDR<\/title>\n<meta name=\"description\" content=\"Si quieres estar al d\u00eda de las \u00faltimas novedades de IDR consulta nuestro blog y \u00a1descubre nuestro d\u00eda a d\u00eda y conoce m\u00e1s nuestros productos!\" \/>\n<meta name=\"robots\" content=\"index, follow, max-snippet:-1, max-image-preview:large, max-video-preview:-1\" \/>\n<link rel=\"canonical\" href=\"https:\/\/idrtext.com\/en\/blog\/\" \/>\n<meta property=\"og:locale\" content=\"en_US\" \/>\n<meta property=\"og:type\" content=\"article\" \/>\n<meta property=\"og:title\" content=\"IDR | Blog\" \/>\n<meta property=\"og:description\" content=\"Si quieres estar al d\u00eda de las \u00faltimas novedades de IDR consulta nuestro blog y \u00a1descubre nuestro d\u00eda a d\u00eda y conoce m\u00e1s nuestros productos!\" \/>\n<meta property=\"og:url\" content=\"https:\/\/idrtext.com\/en\/blog\/\" \/>\n<meta property=\"og:site_name\" content=\"IDR\" \/>\n<meta property=\"article:modified_time\" content=\"2023-07-10T16:39:48+00:00\" \/>\n<meta property=\"og:image\" content=\"https:\/\/idrtext.com\/wp-content\/uploads\/2022\/07\/idr-SEOFB.jpg\" \/>\n\t<meta property=\"og:image:width\" content=\"2401\" \/>\n\t<meta property=\"og:image:height\" content=\"1261\" \/>\n\t<meta property=\"og:image:type\" content=\"image\/jpeg\" \/>\n<meta name=\"twitter:card\" content=\"summary_large_image\" \/>\n<meta name=\"twitter:title\" content=\"IDR | Blog\" \/>\n<meta name=\"twitter:description\" content=\"Si quieres estar al d\u00eda de las \u00faltimas novedades de IDR consulta nuestro blog y \u00a1descubre nuestro d\u00eda a d\u00eda y conoce m\u00e1s nuestros productos!\" \/>\n<meta name=\"twitter:image\" content=\"https:\/\/idrtext.com\/wp-content\/uploads\/2022\/07\/idr-SEOTW.jpg\" \/>\n<meta name=\"twitter:label1\" content=\"Est. reading time\" \/>\n\t<meta name=\"twitter:data1\" content=\"1 minute\" \/>\n<script type=\"application\/ld+json\" class=\"yoast-schema-graph\">{\"@context\":\"https:\/\/schema.org\",\"@graph\":[{\"@type\":\"WebPage\",\"@id\":\"https:\/\/idrtext.com\/en\/blog\/\",\"url\":\"https:\/\/idrtext.com\/en\/blog\/\",\"name\":\"Blog | IDR\",\"isPartOf\":{\"@id\":\"https:\/\/idrtext.com\/#website\"},\"datePublished\":\"2022-06-29T13:57:48+00:00\",\"dateModified\":\"2023-07-10T16:39:48+00:00\",\"description\":\"Si quieres estar al d\u00eda de las \u00faltimas novedades de IDR consulta nuestro blog y \u00a1descubre nuestro d\u00eda a d\u00eda y conoce m\u00e1s nuestros productos!\",\"breadcrumb\":{\"@id\":\"https:\/\/idrtext.com\/en\/blog\/#breadcrumb\"},\"inLanguage\":\"en-US\",\"potentialAction\":[{\"@type\":\"ReadAction\",\"target\":[\"https:\/\/idrtext.com\/en\/blog\/\"]}]},{\"@type\":\"BreadcrumbList\",\"@id\":\"https:\/\/idrtext.com\/en\/blog\/#breadcrumb\",\"itemListElement\":[{\"@type\":\"ListItem\",\"position\":1,\"name\":\"Home\",\"item\":\"https:\/\/idrtext.com\/en\/\"},{\"@type\":\"ListItem\",\"position\":2,\"name\":\"Blog\"}]},{\"@type\":\"WebSite\",\"@id\":\"https:\/\/idrtext.com\/#website\",\"url\":\"https:\/\/idrtext.com\/\",\"name\":\"IDR\",\"description\":\"Quality Inside\",\"publisher\":{\"@id\":\"https:\/\/idrtext.com\/#organization\"},\"potentialAction\":[{\"@type\":\"SearchAction\",\"target\":{\"@type\":\"EntryPoint\",\"urlTemplate\":\"https:\/\/idrtext.com\/?s={search_term_string}\"},\"query-input\":\"required name=search_term_string\"}],\"inLanguage\":\"en-US\"},{\"@type\":\"Organization\",\"@id\":\"https:\/\/idrtext.com\/#organization\",\"name\":\"iDR Text\",\"url\":\"https:\/\/idrtext.com\/\",\"logo\":{\"@type\":\"ImageObject\",\"inLanguage\":\"en-US\",\"@id\":\"https:\/\/idrtext.com\/#\/schema\/logo\/image\/\",\"url\":\"https:\/\/idrtext.com\/wp-content\/uploads\/2022\/07\/idr.png\",\"contentUrl\":\"https:\/\/idrtext.com\/wp-content\/uploads\/2022\/07\/idr.png\",\"width\":2401,\"height\":1261,\"caption\":\"iDR Text\"},\"image\":{\"@id\":\"https:\/\/idrtext.com\/#\/schema\/logo\/image\/\"}}]}<\/script>\n<!-- \/ Yoast SEO plugin. -->","yoast_head_json":{"title":"Blog | IDR","description":"Si quieres estar al d\u00eda de las \u00faltimas novedades de IDR consulta nuestro blog y \u00a1descubre nuestro d\u00eda a d\u00eda y conoce m\u00e1s nuestros productos!","robots":{"index":"index","follow":"follow","max-snippet":"max-snippet:-1","max-image-preview":"max-image-preview:large","max-video-preview":"max-video-preview:-1"},"canonical":"https:\/\/idrtext.com\/en\/blog\/","og_locale":"en_US","og_type":"article","og_title":"IDR | Blog","og_description":"Si quieres estar al d\u00eda de las \u00faltimas novedades de IDR consulta nuestro blog y \u00a1descubre nuestro d\u00eda a d\u00eda y conoce m\u00e1s nuestros productos!","og_url":"https:\/\/idrtext.com\/en\/blog\/","og_site_name":"IDR","article_modified_time":"2023-07-10T16:39:48+00:00","og_image":[{"width":2401,"height":1261,"url":"https:\/\/idrtext.com\/wp-content\/uploads\/2022\/07\/idr-SEOFB.jpg","type":"image\/jpeg"}],"twitter_card":"summary_large_image","twitter_title":"IDR | Blog","twitter_description":"Si quieres estar al d\u00eda de las \u00faltimas novedades de IDR consulta nuestro blog y \u00a1descubre nuestro d\u00eda a d\u00eda y conoce m\u00e1s nuestros productos!","twitter_image":"https:\/\/idrtext.com\/wp-content\/uploads\/2022\/07\/idr-SEOTW.jpg","twitter_misc":{"Est. reading time":"1 minute"},"schema":{"@context":"https:\/\/schema.org","@graph":[{"@type":"WebPage","@id":"https:\/\/idrtext.com\/en\/blog\/","url":"https:\/\/idrtext.com\/en\/blog\/","name":"Blog | IDR","isPartOf":{"@id":"https:\/\/idrtext.com\/#website"},"datePublished":"2022-06-29T13:57:48+00:00","dateModified":"2023-07-10T16:39:48+00:00","description":"Si quieres estar al d\u00eda de las \u00faltimas novedades de IDR consulta nuestro blog y \u00a1descubre nuestro d\u00eda a d\u00eda y conoce m\u00e1s nuestros productos!","breadcrumb":{"@id":"https:\/\/idrtext.com\/en\/blog\/#breadcrumb"},"inLanguage":"en-US","potentialAction":[{"@type":"ReadAction","target":["https:\/\/idrtext.com\/en\/blog\/"]}]},{"@type":"BreadcrumbList","@id":"https:\/\/idrtext.com\/en\/blog\/#breadcrumb","itemListElement":[{"@type":"ListItem","position":1,"name":"Home","item":"https:\/\/idrtext.com\/en\/"},{"@type":"ListItem","position":2,"name":"Blog"}]},{"@type":"WebSite","@id":"https:\/\/idrtext.com\/#website","url":"https:\/\/idrtext.com\/","name":"IDR","description":"Quality Inside","publisher":{"@id":"https:\/\/idrtext.com\/#organization"},"potentialAction":[{"@type":"SearchAction","target":{"@type":"EntryPoint","urlTemplate":"https:\/\/idrtext.com\/?s={search_term_string}"},"query-input":"required name=search_term_string"}],"inLanguage":"en-US"},{"@type":"Organization","@id":"https:\/\/idrtext.com\/#organization","name":"iDR Text","url":"https:\/\/idrtext.com\/","logo":{"@type":"ImageObject","inLanguage":"en-US","@id":"https:\/\/idrtext.com\/#\/schema\/logo\/image\/","url":"https:\/\/idrtext.com\/wp-content\/uploads\/2022\/07\/idr.png","contentUrl":"https:\/\/idrtext.com\/wp-content\/uploads\/2022\/07\/idr.png","width":2401,"height":1261,"caption":"iDR Text"},"image":{"@id":"https:\/\/idrtext.com\/#\/schema\/logo\/image\/"}}]}},"_links":{"self":[{"href":"https:\/\/idrtext.com\/en\/wp-json\/wp\/v2\/pages\/619","targetHints":{"allow":["GET"]}}],"collection":[{"href":"https:\/\/idrtext.com\/en\/wp-json\/wp\/v2\/pages"}],"about":[{"href":"https:\/\/idrtext.com\/en\/wp-json\/wp\/v2\/types\/page"}],"author":[{"embeddable":true,"href":"https:\/\/idrtext.com\/en\/wp-json\/wp\/v2\/users\/1"}],"replies":[{"embeddable":true,"href":"https:\/\/idrtext.com\/en\/wp-json\/wp\/v2\/comments?post=619"}],"version-history":[{"count":13,"href":"https:\/\/idrtext.com\/en\/wp-json\/wp\/v2\/pages\/619\/revisions"}],"predecessor-version":[{"id":1067,"href":"https:\/\/idrtext.com\/en\/wp-json\/wp\/v2\/pages\/619\/revisions\/1067"}],"wp:attachment":[{"href":"https:\/\/idrtext.com\/en\/wp-json\/wp\/v2\/media?parent=619"}],"curies":[{"name":"wp","href":"https:\/\/api.w.org\/{rel}","templated":true}]}}