{"id":583,"date":"2022-06-30T17:37:19","date_gmt":"2022-06-30T16:37:19","guid":{"rendered":"https:\/\/idrtext.com\/idr-trend\/"},"modified":"2025-11-19T19:55:14","modified_gmt":"2025-11-19T18:55:14","slug":"idr-trend","status":"publish","type":"page","link":"https:\/\/idrtext.com\/en\/idr-trend\/","title":{"rendered":"iDR Trend"},"content":{"rendered":"<p>[vc_row full_width=&#8221;stretch_row_content&#8221; foundry_parallax=&#8221;not-parallax&#8221; css=&#8221;.vc_custom_1656607348426{background-image: url(https:\/\/idrtext.com\/wp-content\/uploads\/2022\/06\/hilos-scaled.jpg?id=385) !important;}&#8221;][vc_column][vc_row_inner equal_height=&#8221;yes&#8221; content_placement=&#8221;middle&#8221;][vc_column_inner el_class=&#8221;col-trend&#8221; width=&#8221;5\/12&#8243;][vc_single_image image=&#8221;382&#8243; img_size=&#8221;full&#8221; el_class=&#8221;logo&#8221;][vc_column_text]<\/p>\n<h1>We create trends in a different way<\/h1>\n<p>[\/vc_column_text][vc_column_text]<a class=\"btn\" href=\"\/wp-content\/uploads\/2025\/10\/EN-IDR-Fibras-para-fiacao_web.pdf\" target=\"_blank\" rel=\"noopener\"><i class=\"fas fa-book-open\"><\/i> See catalogue Fibers for Spinning<\/a>[\/vc_column_text][vc_column_text]<a class=\"btn\" href=\"https:\/\/idrtext.com\/wp-content\/uploads\/2025\/10\/EN-IDR-Filamento-V2_print.pdf\" target=\"_blank\" rel=\"noopener\"><i class=\"fas fa-book-open\"><\/i> See catalogue Filament<\/a>[\/vc_column_text][\/vc_column_inner][\/vc_row_inner][\/vc_column][\/vc_row][vc_row foundry_padding=&#8221;pt64 pb64&#8243;][vc_column][vc_row_inner][vc_column_inner width=&#8221;1\/4&#8243;][vc_single_image image=&#8221;197&#8243; img_size=&#8221;full&#8221; alignment=&#8221;center&#8221; el_class=&#8221;ico&#8221;][vc_column_text]<\/p>\n<h4 style=\"text-align: center;\">INNOVATION<\/h4>\n<p style=\"text-align: center;\">We complement your production with the most fashionable designs and materials<\/p>\n<p>[\/vc_column_text][\/vc_column_inner][vc_column_inner width=&#8221;1\/4&#8243;][vc_single_image image=&#8221;196&#8243; img_size=&#8221;full&#8221; alignment=&#8221;center&#8221; el_class=&#8221;ico&#8221;][vc_column_text]<\/p>\n<h4 style=\"text-align: center;\">LOGISTICS<\/h4>\n<p style=\"text-align: center;\">We work with the best shipping companies and with a very responsive and efficient logistics team that will keep you up to date with the traceability of your order<\/p>\n<p>[\/vc_column_text][\/vc_column_inner][vc_column_inner width=&#8221;1\/4&#8243;][vc_single_image image=&#8221;198&#8243; img_size=&#8221;full&#8221; alignment=&#8221;center&#8221; el_class=&#8221;ico&#8221;][vc_column_text]<\/p>\n<h4 style=\"text-align: center;\">WAREHOUSES<\/h4>\n<p style=\"text-align: center;\">We have warehouses to keep stock of your orders. In addition, we have a showroom where you can see the products from our catalogue<\/p>\n<p>[\/vc_column_text][\/vc_column_inner][vc_column_inner width=&#8221;1\/4&#8243;][vc_single_image image=&#8221;199&#8243; img_size=&#8221;full&#8221; alignment=&#8221;center&#8221; el_class=&#8221;ico&#8221;][vc_column_text]<\/p>\n<h4 style=\"text-align: center;\">SUSTAINABILITY<\/h4>\n<p style=\"text-align: center;\">We promote positive change by offering certified products.<\/p>\n<p>[\/vc_column_text][\/vc_column_inner][\/vc_row_inner][\/vc_column][\/vc_row][vc_row foundry_background_style=&#8221;bg-dark&#8221; css=&#8221;.vc_custom_1656950646098{background-image: url(https:\/\/idrtext.com\/wp-content\/uploads\/2022\/06\/telas-scaled.jpg?id=386) !important;background-position: center !important;background-repeat: no-repeat !important;background-size: cover !important;}&#8221;][vc_column][vc_column_text]<\/p>\n<h2 style=\"text-align: center;\"><strong>Your project,<br \/>\nour products<\/strong><\/h2>\n<p>[\/vc_column_text][vc_column_text]<\/p>\n<p style=\"text-align: center;\"><a class=\"btn\" href=\"\/wp-content\/uploads\/2025\/10\/EN-IDR-Fibras-para-fiacao_web.pdf\" target=\"_blank\" rel=\"noopener\"><i class=\"fas fa-book-open\"><\/i> See catalogue<\/a><\/p>\n<p>[\/vc_column_text][\/vc_column][\/vc_row][vc_row foundry_padding=&#8221;pt64 pb64&#8243; el_class=&#8221;bg-trend&#8221;][vc_column width=&#8221;5\/6&#8243; offset=&#8221;vc_col-lg-offset-1 vc_col-md-offset-1&#8243;][vc_row_inner content_placement=&#8221;middle&#8221;][vc_column_inner el_class=&#8221;col-modal&#8221; width=&#8221;1\/2&#8243;][vc_column_text]<\/p>\n<h3 style=\"text-align: left;\">We boost the well-being and quality of your customers rest<\/h3>\n<p>[\/vc_column_text]<div class=\"modal-container text-left\"><a class=\"btn btn-lg btn-modal\" href=\"#\" modal-link=\"7087\"><i class=\"\"><\/i> Contact<\/a><\/div>[\/vc_column_inner][vc_column_inner el_class=&#8221;col-shadow&#8221; width=&#8221;1\/2&#8243;][vc_single_image image=&#8221;321&#8243; img_size=&#8221;&#8221; alignment=&#8221;center&#8221;][vc_column_text]<\/p>\n<h4><strong>IDR TREND <\/strong><strong>COMMERCIAL <\/strong><\/h4>\n<p><strong>Diego Blanco<\/strong><br \/>\nAccount Manager IDR Trend[\/vc_column_text][\/vc_column_inner][\/vc_row_inner][\/vc_column][\/vc_row][vc_row][vc_column][vc_column_text]<\/p>\n<h2 style=\"text-align: center;\">Get to know all about<br \/>\nIDR Trend<\/h2>\n<p>[\/vc_column_text][vc_basic_grid post_type=&#8221;post&#8221; max_items=&#8221;10&#8243; item=&#8221;325&#8243; grid_id=&#8221;vc_gid:1763578450799-2a3a2151-2ca8-5&#8243; taxonomies=&#8221;6&#8243;][\/vc_column][\/vc_row][vc_row foundry_background_style=&#8221;bg-primary&#8221; foundry_padding=&#8221;pt64 pb64&#8243;][vc_column][vc_row_inner][vc_column_inner width=&#8221;1\/2&#8243; offset=&#8221;vc_col-lg-offset-3 vc_col-md-offset-3&#8243;][vc_column_text]<\/p>\n<h2 style=\"text-align: center;\">They speak for us and about us<\/h2>\n<p>[\/vc_column_text][\/vc_column_inner][\/vc_row_inner][vc_row_inner][vc_column_inner width=&#8221;1\/6&#8243; offset=&#8221;vc_col-lg-offset-1 vc_col-md-offset-1 vc_col-xs-4&#8243;][vc_single_image image=&#8221;338&#8243; img_size=&#8221;full&#8221; alignment=&#8221;center&#8221; el_class=&#8221;logo azul&#8221;][\/vc_column_inner][vc_column_inner width=&#8221;1\/6&#8243; offset=&#8221;vc_col-xs-4&#8243;][vc_single_image image=&#8221;340&#8243; img_size=&#8221;full&#8221; alignment=&#8221;center&#8221; el_class=&#8221;logo azul&#8221;][\/vc_column_inner][vc_column_inner width=&#8221;1\/6&#8243; offset=&#8221;vc_col-xs-4&#8243;][vc_single_image image=&#8221;337&#8243; img_size=&#8221;full&#8221; alignment=&#8221;center&#8221; el_class=&#8221;logo azul&#8221;][\/vc_column_inner][vc_column_inner width=&#8221;1\/6&#8243; offset=&#8221;vc_col-xs-4&#8243;][vc_single_image image=&#8221;341&#8243; img_size=&#8221;full&#8221; alignment=&#8221;center&#8221; el_class=&#8221;logo azul&#8221;][\/vc_column_inner][vc_column_inner width=&#8221;1\/6&#8243; offset=&#8221;vc_col-xs-4&#8243;][vc_single_image image=&#8221;339&#8243; img_size=&#8221;full&#8221; alignment=&#8221;center&#8221; el_class=&#8221;logo azul&#8221;][\/vc_column_inner][\/vc_row_inner][vc_row_inner][vc_column_inner width=&#8221;1\/6&#8243; offset=&#8221;vc_col-lg-offset-3 vc_col-md-offset-3 vc_col-xs-4&#8243;][vc_single_image image=&#8221;334&#8243; img_size=&#8221;full&#8221; alignment=&#8221;center&#8221; el_class=&#8221;logo&#8221;][\/vc_column_inner][vc_column_inner width=&#8221;1\/6&#8243; offset=&#8221;vc_col-xs-4&#8243;][vc_single_image image=&#8221;335&#8243; img_size=&#8221;full&#8221; alignment=&#8221;center&#8221; el_class=&#8221;logo&#8221;][\/vc_column_inner][vc_column_inner width=&#8221;1\/6&#8243; offset=&#8221;vc_col-xs-4&#8243;][vc_single_image image=&#8221;333&#8243; img_size=&#8221;full&#8221; alignment=&#8221;center&#8221; el_class=&#8221;logo&#8221;][\/vc_column_inner][\/vc_row_inner][\/vc_column][\/vc_row][vc_row foundry_background_style=&#8221;bg-dark&#8221; foundry_padding=&#8221;pt64 pb64&#8243;][vc_column][vc_column_text]<\/p>\n<h2 style=\"text-align: center;\">Contact us<\/h2>\n<p>[\/vc_column_text][vc_column_text]<\/p>\n<p style=\"text-align: center;\"><a class=\"btn\" href=\"https:\/\/idrtext.com\/en\/contacto\/\">contact<\/a><\/p>\n<p>[\/vc_column_text][\/vc_column][\/vc_row]<\/p>\n","protected":false},"excerpt":{"rendered":"<p>[vc_row full_width=&#8221;stretch_row_content&#8221; foundry_parallax=&#8221;not-parallax&#8221; css=&#8221;.vc_custom_1656607348426{background-image: url(https:\/\/idrtext.com\/wp-content\/uploads\/2022\/06\/hilos-scaled.jpg?id=385) !important;}&#8221;][vc_column][vc_row_inner equal_height=&#8221;yes&#8221; content_placement=&#8221;middle&#8221;][vc_column_inner el_class=&#8221;col-trend&#8221; width=&#8221;5\/12&#8243;][vc_single_image image=&#8221;382&#8243; img_size=&#8221;full&#8221; el_class=&#8221;logo&#8221;][vc_column_text] We create trends in a different way [\/vc_column_text][vc_column_text]&#8230;<\/p>\n","protected":false},"author":1,"featured_media":0,"parent":0,"menu_order":0,"comment_status":"closed","ping_status":"closed","template":"","meta":{"footnotes":""},"class_list":["post-583","page","type-page","status-publish","hentry"],"yoast_head":"<!-- This site is optimized with the Yoast SEO plugin v20.4 - https:\/\/yoast.com\/wordpress\/plugins\/seo\/ -->\n<title>iDR Trend | IDR<\/title>\n<meta name=\"description\" content=\"IDR Trend offers the best Polyester Fiber for spinning in the textile industry. Ideal for fashion and demanding design projects.\" \/>\n<meta name=\"robots\" content=\"index, follow, max-snippet:-1, max-image-preview:large, max-video-preview:-1\" \/>\n<link rel=\"canonical\" href=\"https:\/\/idrtext.com\/en\/idr-trend\/\" \/>\n<meta property=\"og:locale\" content=\"en_US\" \/>\n<meta property=\"og:type\" content=\"article\" \/>\n<meta property=\"og:title\" content=\"IDR | IDR Trend\" \/>\n<meta property=\"og:description\" content=\"Con TREND creamos tendencias de una forma diferente en el sector t\u00e9xtil. Consulta nuestro cat\u00e1logo de productos aqu\u00ed\" \/>\n<meta property=\"og:url\" content=\"https:\/\/idrtext.com\/en\/idr-trend\/\" \/>\n<meta property=\"og:site_name\" content=\"IDR\" \/>\n<meta property=\"article:modified_time\" content=\"2025-11-19T18:55:14+00:00\" \/>\n<meta property=\"og:image\" content=\"https:\/\/idrtext.com\/wp-content\/uploads\/2022\/07\/idr-soluciones-SEOFB-trend.jpg\" \/>\n\t<meta property=\"og:image:width\" content=\"2401\" \/>\n\t<meta property=\"og:image:height\" content=\"1261\" \/>\n\t<meta property=\"og:image:type\" content=\"image\/jpeg\" \/>\n<meta name=\"twitter:card\" content=\"summary_large_image\" \/>\n<meta name=\"twitter:title\" content=\"IDR | IDR Trend\" \/>\n<meta name=\"twitter:description\" content=\"Con TREND creamos tendencias de una forma diferente en el sector t\u00e9xtil. Consulta nuestro cat\u00e1logo de productos aqu\u00ed\" \/>\n<meta name=\"twitter:image\" content=\"https:\/\/idrtext.com\/wp-content\/uploads\/2022\/07\/idr-soluciones-SEOTW-trend.jpg\" \/>\n<meta name=\"twitter:label1\" content=\"Est. reading time\" \/>\n\t<meta name=\"twitter:data1\" content=\"2 minutes\" \/>\n<script type=\"application\/ld+json\" class=\"yoast-schema-graph\">{\"@context\":\"https:\/\/schema.org\",\"@graph\":[{\"@type\":\"WebPage\",\"@id\":\"https:\/\/idrtext.com\/en\/idr-trend\/\",\"url\":\"https:\/\/idrtext.com\/en\/idr-trend\/\",\"name\":\"iDR Trend | IDR\",\"isPartOf\":{\"@id\":\"https:\/\/idrtext.com\/#website\"},\"datePublished\":\"2022-06-30T16:37:19+00:00\",\"dateModified\":\"2025-11-19T18:55:14+00:00\",\"description\":\"IDR Trend offers the best Polyester Fiber for spinning in the textile industry. Ideal for fashion and demanding design projects.\",\"breadcrumb\":{\"@id\":\"https:\/\/idrtext.com\/en\/idr-trend\/#breadcrumb\"},\"inLanguage\":\"en-US\",\"potentialAction\":[{\"@type\":\"ReadAction\",\"target\":[\"https:\/\/idrtext.com\/en\/idr-trend\/\"]}]},{\"@type\":\"BreadcrumbList\",\"@id\":\"https:\/\/idrtext.com\/en\/idr-trend\/#breadcrumb\",\"itemListElement\":[{\"@type\":\"ListItem\",\"position\":1,\"name\":\"Home\",\"item\":\"https:\/\/idrtext.com\/en\/\"},{\"@type\":\"ListItem\",\"position\":2,\"name\":\"iDR Trend\"}]},{\"@type\":\"WebSite\",\"@id\":\"https:\/\/idrtext.com\/#website\",\"url\":\"https:\/\/idrtext.com\/\",\"name\":\"IDR\",\"description\":\"Quality Inside\",\"publisher\":{\"@id\":\"https:\/\/idrtext.com\/#organization\"},\"potentialAction\":[{\"@type\":\"SearchAction\",\"target\":{\"@type\":\"EntryPoint\",\"urlTemplate\":\"https:\/\/idrtext.com\/?s={search_term_string}\"},\"query-input\":\"required name=search_term_string\"}],\"inLanguage\":\"en-US\"},{\"@type\":\"Organization\",\"@id\":\"https:\/\/idrtext.com\/#organization\",\"name\":\"iDR Text\",\"url\":\"https:\/\/idrtext.com\/\",\"logo\":{\"@type\":\"ImageObject\",\"inLanguage\":\"en-US\",\"@id\":\"https:\/\/idrtext.com\/#\/schema\/logo\/image\/\",\"url\":\"https:\/\/idrtext.com\/wp-content\/uploads\/2022\/07\/idr.png\",\"contentUrl\":\"https:\/\/idrtext.com\/wp-content\/uploads\/2022\/07\/idr.png\",\"width\":2401,\"height\":1261,\"caption\":\"iDR Text\"},\"image\":{\"@id\":\"https:\/\/idrtext.com\/#\/schema\/logo\/image\/\"}}]}<\/script>\n<!-- \/ Yoast SEO plugin. -->","yoast_head_json":{"title":"iDR Trend | IDR","description":"IDR Trend offers the best Polyester Fiber for spinning in the textile industry. Ideal for fashion and demanding design projects.","robots":{"index":"index","follow":"follow","max-snippet":"max-snippet:-1","max-image-preview":"max-image-preview:large","max-video-preview":"max-video-preview:-1"},"canonical":"https:\/\/idrtext.com\/en\/idr-trend\/","og_locale":"en_US","og_type":"article","og_title":"IDR | IDR Trend","og_description":"Con TREND creamos tendencias de una forma diferente en el sector t\u00e9xtil. Consulta nuestro cat\u00e1logo de productos aqu\u00ed","og_url":"https:\/\/idrtext.com\/en\/idr-trend\/","og_site_name":"IDR","article_modified_time":"2025-11-19T18:55:14+00:00","og_image":[{"width":2401,"height":1261,"url":"https:\/\/idrtext.com\/wp-content\/uploads\/2022\/07\/idr-soluciones-SEOFB-trend.jpg","type":"image\/jpeg"}],"twitter_card":"summary_large_image","twitter_title":"IDR | IDR Trend","twitter_description":"Con TREND creamos tendencias de una forma diferente en el sector t\u00e9xtil. Consulta nuestro cat\u00e1logo de productos aqu\u00ed","twitter_image":"https:\/\/idrtext.com\/wp-content\/uploads\/2022\/07\/idr-soluciones-SEOTW-trend.jpg","twitter_misc":{"Est. reading time":"2 minutes"},"schema":{"@context":"https:\/\/schema.org","@graph":[{"@type":"WebPage","@id":"https:\/\/idrtext.com\/en\/idr-trend\/","url":"https:\/\/idrtext.com\/en\/idr-trend\/","name":"iDR Trend | IDR","isPartOf":{"@id":"https:\/\/idrtext.com\/#website"},"datePublished":"2022-06-30T16:37:19+00:00","dateModified":"2025-11-19T18:55:14+00:00","description":"IDR Trend offers the best Polyester Fiber for spinning in the textile industry. Ideal for fashion and demanding design projects.","breadcrumb":{"@id":"https:\/\/idrtext.com\/en\/idr-trend\/#breadcrumb"},"inLanguage":"en-US","potentialAction":[{"@type":"ReadAction","target":["https:\/\/idrtext.com\/en\/idr-trend\/"]}]},{"@type":"BreadcrumbList","@id":"https:\/\/idrtext.com\/en\/idr-trend\/#breadcrumb","itemListElement":[{"@type":"ListItem","position":1,"name":"Home","item":"https:\/\/idrtext.com\/en\/"},{"@type":"ListItem","position":2,"name":"iDR Trend"}]},{"@type":"WebSite","@id":"https:\/\/idrtext.com\/#website","url":"https:\/\/idrtext.com\/","name":"IDR","description":"Quality Inside","publisher":{"@id":"https:\/\/idrtext.com\/#organization"},"potentialAction":[{"@type":"SearchAction","target":{"@type":"EntryPoint","urlTemplate":"https:\/\/idrtext.com\/?s={search_term_string}"},"query-input":"required name=search_term_string"}],"inLanguage":"en-US"},{"@type":"Organization","@id":"https:\/\/idrtext.com\/#organization","name":"iDR Text","url":"https:\/\/idrtext.com\/","logo":{"@type":"ImageObject","inLanguage":"en-US","@id":"https:\/\/idrtext.com\/#\/schema\/logo\/image\/","url":"https:\/\/idrtext.com\/wp-content\/uploads\/2022\/07\/idr.png","contentUrl":"https:\/\/idrtext.com\/wp-content\/uploads\/2022\/07\/idr.png","width":2401,"height":1261,"caption":"iDR Text"},"image":{"@id":"https:\/\/idrtext.com\/#\/schema\/logo\/image\/"}}]}},"_links":{"self":[{"href":"https:\/\/idrtext.com\/en\/wp-json\/wp\/v2\/pages\/583","targetHints":{"allow":["GET"]}}],"collection":[{"href":"https:\/\/idrtext.com\/en\/wp-json\/wp\/v2\/pages"}],"about":[{"href":"https:\/\/idrtext.com\/en\/wp-json\/wp\/v2\/types\/page"}],"author":[{"embeddable":true,"href":"https:\/\/idrtext.com\/en\/wp-json\/wp\/v2\/users\/1"}],"replies":[{"embeddable":true,"href":"https:\/\/idrtext.com\/en\/wp-json\/wp\/v2\/comments?post=583"}],"version-history":[{"count":9,"href":"https:\/\/idrtext.com\/en\/wp-json\/wp\/v2\/pages\/583\/revisions"}],"predecessor-version":[{"id":1339,"href":"https:\/\/idrtext.com\/en\/wp-json\/wp\/v2\/pages\/583\/revisions\/1339"}],"wp:attachment":[{"href":"https:\/\/idrtext.com\/en\/wp-json\/wp\/v2\/media?parent=583"}],"curies":[{"name":"wp","href":"https:\/\/api.w.org\/{rel}","templated":true}]}}