{"id":1115,"date":"2023-10-04T14:44:57","date_gmt":"2023-10-04T13:44:57","guid":{"rendered":"https:\/\/idrtext.com\/?page_id=1115"},"modified":"2023-10-04T14:47:02","modified_gmt":"2023-10-04T13:47:02","slug":"politica-de-calidad","status":"publish","type":"page","link":"https:\/\/idrtext.com\/en\/politica-de-calidad\/","title":{"rendered":"Pol\u00edtica de Calidad"},"content":{"rendered":"<p>[vc_row][vc_column width=&#8221;5\/6&#8243; offset=&#8221;vc_col-lg-offset-1 vc_col-md-offset-1&#8243;][vc_column_text]<\/p>\n<h1>Pol\u00edtica de calidad<\/h1>\n<p>[\/vc_column_text][vc_separator border_width=&#8221;3&#8243;][vc_column_text]<\/p>\n<h2>Se establece lo siguiente:<\/h2>\n<ul>\n<li><strong>Compromiso:<\/strong> Ponemos todas nuestras capacidades para sacar adelante todo aquello que se nos conf\u00eda, con la excelente calidad del producto y un servicio r\u00e1pido y eficaz.<\/li>\n<\/ul>\n<p>&nbsp;<\/p>\n<ul>\n<li><strong>Integridad:<\/strong> Los valores humanos claves que integran nuestra cultura organizacional son fundamentales para hacer de \u00e9sta una entidad no solo productiva sino comprometida con su comunidad. \u201cLa integridad es la fortaleza de esp\u00edritu que nos hace permanecer fieles a nuestros principios\u201d.<\/li>\n<\/ul>\n<p>&nbsp;<\/p>\n<ul>\n<li><strong>Comunicaci\u00f3n:<\/strong> Ofrecemos una comunicaci\u00f3n continua y efectiva, entre todos los miembros que constituimos la empresa, as\u00ed como con nuestros proveedores y clientes.<\/li>\n<\/ul>\n<p>&nbsp;<\/p>\n<ul>\n<li><strong>Relaciones a largo plazo:<\/strong> Creemos que las relaciones a largo plazo con nuestros clientes, basadas en la confianza y el respeto, son vitales para el \u00e9xito de la empresa.<\/li>\n<\/ul>\n<p>&nbsp;<\/p>\n<ul>\n<li><strong>La confianza y satisfacci\u00f3n<\/strong> de nuestros clientes y de otras partes interesadas en la actividad.<\/li>\n<\/ul>\n<p>&nbsp;<\/p>\n<ul>\n<li><strong>Cumplir la legislaci\u00f3n y reglamentaci\u00f3n<\/strong> aplicable a la actividad econ\u00f3mica y con los requisitos establecidos por los clientes<\/li>\n<\/ul>\n<p>&nbsp;<\/p>\n<ul>\n<li><strong>Sostenibilidad:<\/strong> Nuestra visi\u00f3n se enfoca en ser un referente desde la transparencia en el sector textil, bas\u00e1ndonos en la innovaci\u00f3n y la sostenibilidad<\/li>\n<\/ul>\n<p>&nbsp;<\/p>\n<ul>\n<li>Tener un enfoque sist\u00e9mico <strong>orientado a procesos<\/strong> y a la consecuci\u00f3n de los objetivos de la empresa.<\/li>\n<\/ul>\n<p>&nbsp;<\/p>\n<ul>\n<li>Practicar una <strong>cultura proactiva de prevenci\u00f3n,<\/strong> evaluaci\u00f3n del desempe\u00f1o y de mejora.<\/li>\n<\/ul>\n<p>&nbsp;<\/p>\n<ul>\n<li>Establecer <strong>programas de formaci\u00f3n<\/strong> que permitan tener un personal con el adecuado nivel.<\/li>\n<\/ul>\n<p>&nbsp;<\/p>\n<p>Asimismo, la Direcci\u00f3n establecer\u00e1 los planes y allegar\u00e1 los recursos precisos, dentro de su Pol\u00edtica General, para alcanzar los objetivos establecidos en la Pol\u00edtica de Calidad y en sus Objetivos.<\/p>\n<p>Es responsabilidad de toda la organizaci\u00f3n de SOCIEDAD TEXTIL LUCUS, S.L el obligado cumplimiento de lo establecido en el Sistema y, fundamentalmente, de las personas encargadas de la realizaci\u00f3n de las actividades comprendidas en \u00e9l.<\/p>\n<p style=\"text-align: right;\">En A Coru\u00f1a, a 3 de agosto de 2021<\/p>\n<p style=\"text-align: right;\">Iago Gasalla Pedrosa<\/p>\n<p style=\"text-align: right;\">Administrador<\/p>\n<p>[\/vc_column_text][\/vc_column][\/vc_row]<\/p>\n","protected":false},"excerpt":{"rendered":"<p>[vc_row][vc_column width=&#8221;5\/6&#8243; offset=&#8221;vc_col-lg-offset-1 vc_col-md-offset-1&#8243;][vc_column_text] Pol\u00edtica de calidad [\/vc_column_text][vc_separator border_width=&#8221;3&#8243;][vc_column_text] Se establece lo siguiente: Compromiso: Ponemos todas nuestras capacidades para sacar adelante&#8230;<\/p>\n","protected":false},"author":1,"featured_media":0,"parent":0,"menu_order":0,"comment_status":"closed","ping_status":"closed","template":"","meta":{"footnotes":""},"class_list":["post-1115","page","type-page","status-publish","hentry"],"yoast_head":"<!-- This site is optimized with the Yoast SEO plugin v20.4 - https:\/\/yoast.com\/wordpress\/plugins\/seo\/ -->\n<title>Pol\u00edtica de Calidad | IDR<\/title>\n<meta name=\"description\" content=\"Pol\u00edtica de Calidad IDR Text: La Direcci\u00f3n establecer\u00e1 los planes y allegar\u00e1 los recursos precisos, dentro de su Pol\u00edtica General, para alcanzar los objetivos establecidos en la Pol\u00edtica de Calidad y en sus Objetivos.\" \/>\n<meta name=\"robots\" content=\"index, follow, max-snippet:-1, max-image-preview:large, max-video-preview:-1\" \/>\n<link rel=\"canonical\" href=\"https:\/\/idrtext.com\/en\/politica-de-calidad\/\" \/>\n<meta property=\"og:locale\" content=\"en_US\" \/>\n<meta property=\"og:type\" content=\"article\" \/>\n<meta property=\"og:title\" content=\"Pol\u00edtica de Calidad | IDR\" \/>\n<meta property=\"og:description\" content=\"Pol\u00edtica de Calidad IDR Text: La Direcci\u00f3n establecer\u00e1 los planes y allegar\u00e1 los recursos precisos, dentro de su Pol\u00edtica General, para alcanzar los objetivos establecidos en la Pol\u00edtica de Calidad y en sus Objetivos.\" \/>\n<meta property=\"og:url\" content=\"https:\/\/idrtext.com\/en\/politica-de-calidad\/\" \/>\n<meta property=\"og:site_name\" content=\"IDR\" \/>\n<meta property=\"article:modified_time\" content=\"2023-10-04T13:47:02+00:00\" \/>\n<meta name=\"twitter:card\" content=\"summary_large_image\" \/>\n<meta name=\"twitter:label1\" content=\"Est. reading time\" \/>\n\t<meta name=\"twitter:data1\" content=\"2 minutes\" \/>\n<script type=\"application\/ld+json\" class=\"yoast-schema-graph\">{\"@context\":\"https:\/\/schema.org\",\"@graph\":[{\"@type\":\"WebPage\",\"@id\":\"https:\/\/idrtext.com\/en\/politica-de-calidad\/\",\"url\":\"https:\/\/idrtext.com\/en\/politica-de-calidad\/\",\"name\":\"Pol\u00edtica de Calidad | IDR\",\"isPartOf\":{\"@id\":\"https:\/\/idrtext.com\/#website\"},\"datePublished\":\"2023-10-04T13:44:57+00:00\",\"dateModified\":\"2023-10-04T13:47:02+00:00\",\"description\":\"Pol\u00edtica de Calidad IDR Text: La Direcci\u00f3n establecer\u00e1 los planes y allegar\u00e1 los recursos precisos, dentro de su Pol\u00edtica General, para alcanzar los objetivos establecidos en la Pol\u00edtica de Calidad y en sus Objetivos.\",\"breadcrumb\":{\"@id\":\"https:\/\/idrtext.com\/en\/politica-de-calidad\/#breadcrumb\"},\"inLanguage\":\"en-US\",\"potentialAction\":[{\"@type\":\"ReadAction\",\"target\":[\"https:\/\/idrtext.com\/en\/politica-de-calidad\/\"]}]},{\"@type\":\"BreadcrumbList\",\"@id\":\"https:\/\/idrtext.com\/en\/politica-de-calidad\/#breadcrumb\",\"itemListElement\":[{\"@type\":\"ListItem\",\"position\":1,\"name\":\"Home\",\"item\":\"https:\/\/idrtext.com\/en\/\"},{\"@type\":\"ListItem\",\"position\":2,\"name\":\"Pol\u00edtica de Calidad\"}]},{\"@type\":\"WebSite\",\"@id\":\"https:\/\/idrtext.com\/#website\",\"url\":\"https:\/\/idrtext.com\/\",\"name\":\"IDR\",\"description\":\"Quality Inside\",\"publisher\":{\"@id\":\"https:\/\/idrtext.com\/#organization\"},\"potentialAction\":[{\"@type\":\"SearchAction\",\"target\":{\"@type\":\"EntryPoint\",\"urlTemplate\":\"https:\/\/idrtext.com\/?s={search_term_string}\"},\"query-input\":\"required name=search_term_string\"}],\"inLanguage\":\"en-US\"},{\"@type\":\"Organization\",\"@id\":\"https:\/\/idrtext.com\/#organization\",\"name\":\"iDR Text\",\"url\":\"https:\/\/idrtext.com\/\",\"logo\":{\"@type\":\"ImageObject\",\"inLanguage\":\"en-US\",\"@id\":\"https:\/\/idrtext.com\/#\/schema\/logo\/image\/\",\"url\":\"https:\/\/idrtext.com\/wp-content\/uploads\/2022\/07\/idr.png\",\"contentUrl\":\"https:\/\/idrtext.com\/wp-content\/uploads\/2022\/07\/idr.png\",\"width\":2401,\"height\":1261,\"caption\":\"iDR Text\"},\"image\":{\"@id\":\"https:\/\/idrtext.com\/#\/schema\/logo\/image\/\"}}]}<\/script>\n<!-- \/ Yoast SEO plugin. -->","yoast_head_json":{"title":"Pol\u00edtica de Calidad | IDR","description":"Pol\u00edtica de Calidad IDR Text: La Direcci\u00f3n establecer\u00e1 los planes y allegar\u00e1 los recursos precisos, dentro de su Pol\u00edtica General, para alcanzar los objetivos establecidos en la Pol\u00edtica de Calidad y en sus Objetivos.","robots":{"index":"index","follow":"follow","max-snippet":"max-snippet:-1","max-image-preview":"max-image-preview:large","max-video-preview":"max-video-preview:-1"},"canonical":"https:\/\/idrtext.com\/en\/politica-de-calidad\/","og_locale":"en_US","og_type":"article","og_title":"Pol\u00edtica de Calidad | IDR","og_description":"Pol\u00edtica de Calidad IDR Text: La Direcci\u00f3n establecer\u00e1 los planes y allegar\u00e1 los recursos precisos, dentro de su Pol\u00edtica General, para alcanzar los objetivos establecidos en la Pol\u00edtica de Calidad y en sus Objetivos.","og_url":"https:\/\/idrtext.com\/en\/politica-de-calidad\/","og_site_name":"IDR","article_modified_time":"2023-10-04T13:47:02+00:00","twitter_card":"summary_large_image","twitter_misc":{"Est. reading time":"2 minutes"},"schema":{"@context":"https:\/\/schema.org","@graph":[{"@type":"WebPage","@id":"https:\/\/idrtext.com\/en\/politica-de-calidad\/","url":"https:\/\/idrtext.com\/en\/politica-de-calidad\/","name":"Pol\u00edtica de Calidad | IDR","isPartOf":{"@id":"https:\/\/idrtext.com\/#website"},"datePublished":"2023-10-04T13:44:57+00:00","dateModified":"2023-10-04T13:47:02+00:00","description":"Pol\u00edtica de Calidad IDR Text: La Direcci\u00f3n establecer\u00e1 los planes y allegar\u00e1 los recursos precisos, dentro de su Pol\u00edtica General, para alcanzar los objetivos establecidos en la Pol\u00edtica de Calidad y en sus Objetivos.","breadcrumb":{"@id":"https:\/\/idrtext.com\/en\/politica-de-calidad\/#breadcrumb"},"inLanguage":"en-US","potentialAction":[{"@type":"ReadAction","target":["https:\/\/idrtext.com\/en\/politica-de-calidad\/"]}]},{"@type":"BreadcrumbList","@id":"https:\/\/idrtext.com\/en\/politica-de-calidad\/#breadcrumb","itemListElement":[{"@type":"ListItem","position":1,"name":"Home","item":"https:\/\/idrtext.com\/en\/"},{"@type":"ListItem","position":2,"name":"Pol\u00edtica de Calidad"}]},{"@type":"WebSite","@id":"https:\/\/idrtext.com\/#website","url":"https:\/\/idrtext.com\/","name":"IDR","description":"Quality Inside","publisher":{"@id":"https:\/\/idrtext.com\/#organization"},"potentialAction":[{"@type":"SearchAction","target":{"@type":"EntryPoint","urlTemplate":"https:\/\/idrtext.com\/?s={search_term_string}"},"query-input":"required name=search_term_string"}],"inLanguage":"en-US"},{"@type":"Organization","@id":"https:\/\/idrtext.com\/#organization","name":"iDR Text","url":"https:\/\/idrtext.com\/","logo":{"@type":"ImageObject","inLanguage":"en-US","@id":"https:\/\/idrtext.com\/#\/schema\/logo\/image\/","url":"https:\/\/idrtext.com\/wp-content\/uploads\/2022\/07\/idr.png","contentUrl":"https:\/\/idrtext.com\/wp-content\/uploads\/2022\/07\/idr.png","width":2401,"height":1261,"caption":"iDR Text"},"image":{"@id":"https:\/\/idrtext.com\/#\/schema\/logo\/image\/"}}]}},"_links":{"self":[{"href":"https:\/\/idrtext.com\/en\/wp-json\/wp\/v2\/pages\/1115","targetHints":{"allow":["GET"]}}],"collection":[{"href":"https:\/\/idrtext.com\/en\/wp-json\/wp\/v2\/pages"}],"about":[{"href":"https:\/\/idrtext.com\/en\/wp-json\/wp\/v2\/types\/page"}],"author":[{"embeddable":true,"href":"https:\/\/idrtext.com\/en\/wp-json\/wp\/v2\/users\/1"}],"replies":[{"embeddable":true,"href":"https:\/\/idrtext.com\/en\/wp-json\/wp\/v2\/comments?post=1115"}],"version-history":[{"count":1,"href":"https:\/\/idrtext.com\/en\/wp-json\/wp\/v2\/pages\/1115\/revisions"}],"predecessor-version":[{"id":1117,"href":"https:\/\/idrtext.com\/en\/wp-json\/wp\/v2\/pages\/1115\/revisions\/1117"}],"wp:attachment":[{"href":"https:\/\/idrtext.com\/en\/wp-json\/wp\/v2\/media?parent=1115"}],"curies":[{"name":"wp","href":"https:\/\/api.w.org\/{rel}","templated":true}]}}